{"id":197,"date":"2023-10-23T23:08:42","date_gmt":"2023-10-24T02:08:42","guid":{"rendered":"https:\/\/mrbolonopote.com.br\/?page_id=197"},"modified":"2023-10-23T23:15:37","modified_gmt":"2023-10-24T02:15:37","slug":"politica-de-privacidade","status":"publish","type":"page","link":"https:\/\/mrbolonopote.com.br\/index.php\/politica-de-privacidade\/","title":{"rendered":"Politica de privacidade"},"content":{"rendered":"\t\t<div data-elementor-type=\"wp-page\" data-elementor-id=\"197\" class=\"elementor elementor-197\">\n\t\t\t\t\t\t<section class=\"elementor-section elementor-top-section elementor-element elementor-element-1441d7ed elementor-section-boxed elementor-section-height-default elementor-section-height-default\" data-id=\"1441d7ed\" data-element_type=\"section\" data-e-type=\"section\">\n\t\t\t\t\t\t<div class=\"elementor-container elementor-column-gap-default\">\n\t\t\t\t\t<div class=\"elementor-column elementor-col-100 elementor-top-column elementor-element elementor-element-24ec3ab\" data-id=\"24ec3ab\" data-element_type=\"column\" data-e-type=\"column\">\n\t\t\t<div class=\"elementor-widget-wrap elementor-element-populated\">\n\t\t\t\t\t\t<section class=\"elementor-section elementor-inner-section elementor-element elementor-element-6adda510 elementor-section-boxed elementor-section-height-default elementor-section-height-default\" data-id=\"6adda510\" data-element_type=\"section\" data-e-type=\"section\">\n\t\t\t\t\t\t<div class=\"elementor-container elementor-column-gap-default\">\n\t\t\t\t\t<div class=\"elementor-column elementor-col-100 elementor-inner-column elementor-element elementor-element-205ed500\" data-id=\"205ed500\" data-element_type=\"column\" data-e-type=\"column\">\n\t\t\t<div class=\"elementor-widget-wrap elementor-element-populated\">\n\t\t\t\t\t\t<div class=\"elementor-element elementor-element-5801acf7 elementor-widget elementor-widget-text-editor\" data-id=\"5801acf7\" data-element_type=\"widget\" data-e-type=\"widget\" data-widget_type=\"text-editor.default\">\n\t\t\t\t<div class=\"elementor-widget-container\">\n\t\t\t\t\t\t\t\t\t<p>POL\u00cdTICAS DE PRIVACIDADE<\/p>\t\t\t\t\t\t\t\t<\/div>\n\t\t\t\t<\/div>\n\t\t\t\t<div class=\"elementor-element elementor-element-51ff574f elementor-widget elementor-widget-text-editor\" data-id=\"51ff574f\" data-element_type=\"widget\" data-e-type=\"widget\" data-widget_type=\"text-editor.default\">\n\t\t\t\t<div class=\"elementor-widget-container\">\n\t\t\t\t\t\t\t\t\t<p><span style=\"color: #000000;\">Compromisso<strong> de prote\u00e7\u00e3o \u00e0 sua privacidade<\/strong><\/span><\/p><p><span style=\"color: #000000;\">Suas informa\u00e7\u00f5es compartilhadas por voc\u00ea em refer\u00eancia a transa\u00e7\u00f5es (como seu nome, endere\u00e7o de e-mail ou quaisquer outros dados pessoais) est\u00e3o completamente seguras conosco. Este documento define nosso compromisso com a pol\u00edtica de privacidade. Outras informa\u00e7\u00f5es de privacidade podem ser aplicadas, dependendo da empresa em https:\/\/mrbolonopote.com.br\/ com a qual voc\u00ea lida. N\u00f3s o encorajamos a visitar nosso site regularmente para quaisquer atualiza\u00e7\u00f5es de nossas pol\u00edticas de privacidade.<\/span><\/p><p><span style=\"color: #000000;\"><b>https:\/\/mrbolonopote.com.br\/<\/b><\/span><span style=\"color: #000000;\"><strong>\u00a0ir\u00e1 coletar e manter suas informa\u00e7\u00f5es pessoais com a finalidade de:<\/strong><\/span><\/p><ul><li><span style=\"color: #000000;\">fornecer a voc\u00ea o produto e \/ou servi\u00e7o relevante;<\/span><\/li><li><span style=\"color: #000000;\">inform\u00e1-lo sobre outros produtos e \/ou servi\u00e7os que possam lhe interessar; o<\/span><\/li><li><span style=\"color: #000000;\">Auxiliando-nos em geral no gerenciamento de suas transa\u00e7\u00f5es conosco.<\/span><\/li><\/ul><p><span style=\"color: #000000;\"><strong>Podemos divulgar as informa\u00e7\u00f5es que coletamos para:<\/strong><\/span><\/p><ul><li><span style=\"color: #000000;\">Nossos funcion\u00e1rios e consultores para fornecer a voc\u00ea nossas ofertas e servi\u00e7os futuros nos quais voc\u00ea possa estar interessado.<\/span><\/li><li><span style=\"color: #000000;\">Afiliados e outros terceiros para processar suas transa\u00e7\u00f5es com sucesso.<\/span><\/li><li><span style=\"color: #000000;\">Transa\u00e7\u00f5es corporativas envolvendo a transfer\u00eancia de todos ou parte dos ativos ou neg\u00f3cios de um membro de https:\/\/mrbolonopote.com.br\/\u00a0ou em uma reestrutura\u00e7\u00e3o corporativa.<\/span><\/li><li><span style=\"color: #000000;\">Tribunal em resposta a uma intima\u00e7\u00e3o.<\/span><\/li><\/ul><p><span style=\"color: #000000;\">Se, em qualquer circunst\u00e2ncia, as informa\u00e7\u00f5es fornecidas por voc\u00ea contiverem erros, voc\u00ea estar\u00e1 sujeito \u00e0s nossas obriga\u00e7\u00f5es legais e sua conta ser\u00e1 cancelada sem qualquer aviso pr\u00e9vio.<\/span><\/p><p><span style=\"color: #000000;\"><strong>https:\/\/mrbolonopote.com.br\/<\/strong>\u00a0toma todas as medidas de seguran\u00e7a razo\u00e1veis para proteger as informa\u00e7\u00f5es pessoais contra perda, acesso n\u00e3o autorizado, destrui\u00e7\u00e3o, uso indevido, modifica\u00e7\u00e3o ou divulga\u00e7\u00e3o. Para sua seguran\u00e7a e prote\u00e7\u00e3o, as informa\u00e7\u00f5es do seu cart\u00e3o de cr\u00e9dito n\u00e3o s\u00e3o armazenadas em nossos servidores.<\/span><\/p><p><span style=\"color: #000000;\">Os dados pessoais, sejam p\u00fablicos ou privados, n\u00e3o ser\u00e3o vendidos, trocados, transferidos ou dados a qualquer outra empresa por qualquer motivo, sem o consentimento do cliente, a n\u00e3o ser para o prop\u00f3sito expresso de entrega do produto adquirido ou servi\u00e7o solicitado por o cliente.<\/span><\/p><p><span style=\"color: #000000;\">Podemos alterar nossa pol\u00edtica de privacidade a qualquer momento sem qualquer aviso pr\u00e9vio, sugerimos que voc\u00ea visite nosso site de tempos em tempos para futuras altera\u00e7\u00f5es e atualiza\u00e7\u00f5es.<\/span><\/p><p><span style=\"color: #000000;\">Para maiores informa\u00e7\u00f5es, entre em contato em: suporte@mrbolonopote.com.br<\/span><\/p>\t\t\t\t\t\t\t\t<\/div>\n\t\t\t\t<\/div>\n\t\t\t\t\t<\/div>\n\t\t<\/div>\n\t\t\t\t\t<\/div>\n\t\t<\/section>\n\t\t\t\t\t<\/div>\n\t\t<\/div>\n\t\t\t\t\t<\/div>\n\t\t<\/section>\n\t\t\t\t<section class=\"elementor-section elementor-top-section elementor-element elementor-element-3ce43021 elementor-section-boxed elementor-section-height-default elementor-section-height-default\" data-id=\"3ce43021\" data-element_type=\"section\" data-e-type=\"section\" data-settings=\"{&quot;background_background&quot;:&quot;classic&quot;}\">\n\t\t\t\t\t\t<div class=\"elementor-container elementor-column-gap-default\">\n\t\t\t\t\t<div class=\"elementor-column elementor-col-100 elementor-top-column elementor-element elementor-element-efe902c\" data-id=\"efe902c\" data-element_type=\"column\" data-e-type=\"column\">\n\t\t\t<div class=\"elementor-widget-wrap elementor-element-populated\">\n\t\t\t\t\t\t<section class=\"elementor-section elementor-inner-section elementor-element elementor-element-118bff8a elementor-section-boxed elementor-section-height-default elementor-section-height-default\" data-id=\"118bff8a\" data-element_type=\"section\" data-e-type=\"section\">\n\t\t\t\t\t\t<div class=\"elementor-container elementor-column-gap-default\">\n\t\t\t\t\t<div class=\"elementor-column elementor-col-50 elementor-inner-column elementor-element elementor-element-53167d8e\" data-id=\"53167d8e\" data-element_type=\"column\" data-e-type=\"column\">\n\t\t\t<div class=\"elementor-widget-wrap\">\n\t\t\t\t\t\t\t<\/div>\n\t\t<\/div>\n\t\t\t\t<div class=\"elementor-column elementor-col-50 elementor-inner-column elementor-element elementor-element-2b1e4ee6\" data-id=\"2b1e4ee6\" data-element_type=\"column\" data-e-type=\"column\">\n\t\t\t<div class=\"elementor-widget-wrap elementor-element-populated\">\n\t\t\t\t\t\t<div class=\"elementor-element elementor-element-23398e6 elementor-widget elementor-widget-text-editor\" data-id=\"23398e6\" data-element_type=\"widget\" data-e-type=\"widget\" data-widget_type=\"text-editor.default\">\n\t\t\t\t<div class=\"elementor-widget-container\">\n\t\t\t\t\t\t\t\t\t<p>Termos e Condi\u00e7\u00f5es\u00a0 \u00a0 Pol\u00edticas de Privacidade\u00a0<\/p>\t\t\t\t\t\t\t\t<\/div>\n\t\t\t\t<\/div>\n\t\t\t\t\t<\/div>\n\t\t<\/div>\n\t\t\t\t\t<\/div>\n\t\t<\/section>\n\t\t\t\t\t<\/div>\n\t\t<\/div>\n\t\t\t\t\t<\/div>\n\t\t<\/section>\n\t\t\t\t<\/div>\n\t\t","protected":false},"excerpt":{"rendered":"<p>POL\u00cdTICAS DE PRIVACIDADE Compromisso de prote\u00e7\u00e3o \u00e0 sua privacidade Suas informa\u00e7\u00f5es compartilhadas por voc\u00ea em refer\u00eancia a transa\u00e7\u00f5es (como seu nome, endere\u00e7o de e-mail ou quaisquer outros dados pessoais) est\u00e3o completamente seguras conosco. Este documento define nosso compromisso com a pol\u00edtica de privacidade. Outras informa\u00e7\u00f5es de privacidade podem ser aplicadas, dependendo da empresa em https:\/\/mrbolonopote.com.br\/ [&hellip;]<\/p>\n","protected":false},"author":1,"featured_media":0,"parent":0,"menu_order":0,"comment_status":"closed","ping_status":"closed","template":"elementor_canvas","meta":{"_joinchat":[],"footnotes":""},"class_list":["post-197","page","type-page","status-publish","hentry"],"yoast_head":"<!-- This site is optimized with the Yoast SEO plugin v27.5 - https:\/\/yoast.com\/product\/yoast-seo-wordpress\/ -->\n<title>Politica de privacidade - Bolo no Pote<\/title>\n<meta name=\"robots\" content=\"index, follow, max-snippet:-1, max-image-preview:large, max-video-preview:-1\" \/>\n<link rel=\"canonical\" href=\"https:\/\/mrbolonopote.com.br\/index.php\/politica-de-privacidade\/\" \/>\n<meta property=\"og:locale\" content=\"en_US\" \/>\n<meta property=\"og:type\" content=\"article\" \/>\n<meta property=\"og:title\" content=\"Politica de privacidade - Bolo no Pote\" \/>\n<meta property=\"og:description\" content=\"POL\u00cdTICAS DE PRIVACIDADE Compromisso de prote\u00e7\u00e3o \u00e0 sua privacidade Suas informa\u00e7\u00f5es compartilhadas por voc\u00ea em refer\u00eancia a transa\u00e7\u00f5es (como seu nome, endere\u00e7o de e-mail ou quaisquer outros dados pessoais) est\u00e3o completamente seguras conosco. Este documento define nosso compromisso com a pol\u00edtica de privacidade. Outras informa\u00e7\u00f5es de privacidade podem ser aplicadas, dependendo da empresa em https:\/\/mrbolonopote.com.br\/ [&hellip;]\" \/>\n<meta property=\"og:url\" content=\"https:\/\/mrbolonopote.com.br\/index.php\/politica-de-privacidade\/\" \/>\n<meta property=\"og:site_name\" content=\"Bolo no Pote\" \/>\n<meta property=\"article:modified_time\" content=\"2023-10-24T02:15:37+00:00\" \/>\n<meta name=\"twitter:card\" content=\"summary_large_image\" \/>\n<meta name=\"twitter:label1\" content=\"Est. reading time\" \/>\n\t<meta name=\"twitter:data1\" content=\"2 minutes\" \/>\n<script type=\"application\/ld+json\" class=\"yoast-schema-graph\">{\"@context\":\"https:\\\/\\\/schema.org\",\"@graph\":[{\"@type\":\"WebPage\",\"@id\":\"https:\\\/\\\/mrbolonopote.com.br\\\/index.php\\\/politica-de-privacidade\\\/\",\"url\":\"https:\\\/\\\/mrbolonopote.com.br\\\/index.php\\\/politica-de-privacidade\\\/\",\"name\":\"Politica de privacidade - Bolo no Pote\",\"isPartOf\":{\"@id\":\"https:\\\/\\\/mrbolonopote.com.br\\\/#website\"},\"datePublished\":\"2023-10-24T02:08:42+00:00\",\"dateModified\":\"2023-10-24T02:15:37+00:00\",\"breadcrumb\":{\"@id\":\"https:\\\/\\\/mrbolonopote.com.br\\\/index.php\\\/politica-de-privacidade\\\/#breadcrumb\"},\"inLanguage\":\"en-US\",\"potentialAction\":[{\"@type\":\"ReadAction\",\"target\":[\"https:\\\/\\\/mrbolonopote.com.br\\\/index.php\\\/politica-de-privacidade\\\/\"]}]},{\"@type\":\"BreadcrumbList\",\"@id\":\"https:\\\/\\\/mrbolonopote.com.br\\\/index.php\\\/politica-de-privacidade\\\/#breadcrumb\",\"itemListElement\":[{\"@type\":\"ListItem\",\"position\":1,\"name\":\"In\u00edcio\",\"item\":\"https:\\\/\\\/mrbolonopote.com.br\\\/\"},{\"@type\":\"ListItem\",\"position\":2,\"name\":\"Politica de privacidade\"}]},{\"@type\":\"WebSite\",\"@id\":\"https:\\\/\\\/mrbolonopote.com.br\\\/#website\",\"url\":\"https:\\\/\\\/mrbolonopote.com.br\\\/\",\"name\":\"Bolo no Pote\",\"description\":\"\",\"potentialAction\":[{\"@type\":\"SearchAction\",\"target\":{\"@type\":\"EntryPoint\",\"urlTemplate\":\"https:\\\/\\\/mrbolonopote.com.br\\\/?s={search_term_string}\"},\"query-input\":{\"@type\":\"PropertyValueSpecification\",\"valueRequired\":true,\"valueName\":\"search_term_string\"}}],\"inLanguage\":\"en-US\"}]}<\/script>\n<!-- \/ Yoast SEO plugin. -->","yoast_head_json":{"title":"Politica de privacidade - Bolo no Pote","robots":{"index":"index","follow":"follow","max-snippet":"max-snippet:-1","max-image-preview":"max-image-preview:large","max-video-preview":"max-video-preview:-1"},"canonical":"https:\/\/mrbolonopote.com.br\/index.php\/politica-de-privacidade\/","og_locale":"en_US","og_type":"article","og_title":"Politica de privacidade - Bolo no Pote","og_description":"POL\u00cdTICAS DE PRIVACIDADE Compromisso de prote\u00e7\u00e3o \u00e0 sua privacidade Suas informa\u00e7\u00f5es compartilhadas por voc\u00ea em refer\u00eancia a transa\u00e7\u00f5es (como seu nome, endere\u00e7o de e-mail ou quaisquer outros dados pessoais) est\u00e3o completamente seguras conosco. Este documento define nosso compromisso com a pol\u00edtica de privacidade. Outras informa\u00e7\u00f5es de privacidade podem ser aplicadas, dependendo da empresa em https:\/\/mrbolonopote.com.br\/ [&hellip;]","og_url":"https:\/\/mrbolonopote.com.br\/index.php\/politica-de-privacidade\/","og_site_name":"Bolo no Pote","article_modified_time":"2023-10-24T02:15:37+00:00","twitter_card":"summary_large_image","twitter_misc":{"Est. reading time":"2 minutes"},"schema":{"@context":"https:\/\/schema.org","@graph":[{"@type":"WebPage","@id":"https:\/\/mrbolonopote.com.br\/index.php\/politica-de-privacidade\/","url":"https:\/\/mrbolonopote.com.br\/index.php\/politica-de-privacidade\/","name":"Politica de privacidade - Bolo no Pote","isPartOf":{"@id":"https:\/\/mrbolonopote.com.br\/#website"},"datePublished":"2023-10-24T02:08:42+00:00","dateModified":"2023-10-24T02:15:37+00:00","breadcrumb":{"@id":"https:\/\/mrbolonopote.com.br\/index.php\/politica-de-privacidade\/#breadcrumb"},"inLanguage":"en-US","potentialAction":[{"@type":"ReadAction","target":["https:\/\/mrbolonopote.com.br\/index.php\/politica-de-privacidade\/"]}]},{"@type":"BreadcrumbList","@id":"https:\/\/mrbolonopote.com.br\/index.php\/politica-de-privacidade\/#breadcrumb","itemListElement":[{"@type":"ListItem","position":1,"name":"In\u00edcio","item":"https:\/\/mrbolonopote.com.br\/"},{"@type":"ListItem","position":2,"name":"Politica de privacidade"}]},{"@type":"WebSite","@id":"https:\/\/mrbolonopote.com.br\/#website","url":"https:\/\/mrbolonopote.com.br\/","name":"Bolo no Pote","description":"","potentialAction":[{"@type":"SearchAction","target":{"@type":"EntryPoint","urlTemplate":"https:\/\/mrbolonopote.com.br\/?s={search_term_string}"},"query-input":{"@type":"PropertyValueSpecification","valueRequired":true,"valueName":"search_term_string"}}],"inLanguage":"en-US"}]}},"amp_enabled":false,"_links":{"self":[{"href":"https:\/\/mrbolonopote.com.br\/index.php\/wp-json\/wp\/v2\/pages\/197","targetHints":{"allow":["GET"]}}],"collection":[{"href":"https:\/\/mrbolonopote.com.br\/index.php\/wp-json\/wp\/v2\/pages"}],"about":[{"href":"https:\/\/mrbolonopote.com.br\/index.php\/wp-json\/wp\/v2\/types\/page"}],"author":[{"embeddable":true,"href":"https:\/\/mrbolonopote.com.br\/index.php\/wp-json\/wp\/v2\/users\/1"}],"replies":[{"embeddable":true,"href":"https:\/\/mrbolonopote.com.br\/index.php\/wp-json\/wp\/v2\/comments?post=197"}],"version-history":[{"count":4,"href":"https:\/\/mrbolonopote.com.br\/index.php\/wp-json\/wp\/v2\/pages\/197\/revisions"}],"predecessor-version":[{"id":202,"href":"https:\/\/mrbolonopote.com.br\/index.php\/wp-json\/wp\/v2\/pages\/197\/revisions\/202"}],"wp:attachment":[{"href":"https:\/\/mrbolonopote.com.br\/index.php\/wp-json\/wp\/v2\/media?parent=197"}],"curies":[{"name":"wp","href":"https:\/\/api.w.org\/{rel}","templated":true}]}}