{"id":225,"date":"2023-10-23T23:51:25","date_gmt":"2023-10-24T02:51:25","guid":{"rendered":"https:\/\/mrbolonopote.com.br\/?page_id=225"},"modified":"2023-10-23T23:52:05","modified_gmt":"2023-10-24T02:52:05","slug":"termos-e-condicoes-de-uso","status":"publish","type":"page","link":"https:\/\/mrbolonopote.com.br\/index.php\/termos-e-condicoes-de-uso\/","title":{"rendered":"Termos e condi\u00e7\u00f5es de uso"},"content":{"rendered":"\t\t<div data-elementor-type=\"wp-page\" data-elementor-id=\"225\" class=\"elementor elementor-225\">\n\t\t\t\t\t\t<section class=\"elementor-section elementor-top-section elementor-element elementor-element-1ab4caae elementor-section-boxed elementor-section-height-default elementor-section-height-default\" data-id=\"1ab4caae\" data-element_type=\"section\" data-e-type=\"section\">\n\t\t\t\t\t\t<div class=\"elementor-container elementor-column-gap-default\">\n\t\t\t\t\t<div class=\"elementor-column elementor-col-100 elementor-top-column elementor-element elementor-element-acb2ad8\" data-id=\"acb2ad8\" data-element_type=\"column\" data-e-type=\"column\">\n\t\t\t<div class=\"elementor-widget-wrap elementor-element-populated\">\n\t\t\t\t\t\t<section class=\"elementor-section elementor-inner-section elementor-element elementor-element-31f32aa9 elementor-section-boxed elementor-section-height-default elementor-section-height-default\" data-id=\"31f32aa9\" data-element_type=\"section\" data-e-type=\"section\">\n\t\t\t\t\t\t<div class=\"elementor-container elementor-column-gap-default\">\n\t\t\t\t\t<div class=\"elementor-column elementor-col-100 elementor-inner-column elementor-element elementor-element-5299a0a9\" data-id=\"5299a0a9\" data-element_type=\"column\" data-e-type=\"column\">\n\t\t\t<div class=\"elementor-widget-wrap elementor-element-populated\">\n\t\t\t\t\t\t<div class=\"elementor-element elementor-element-5dbc5bd8 elementor-widget elementor-widget-text-editor\" data-id=\"5dbc5bd8\" data-element_type=\"widget\" data-e-type=\"widget\" data-widget_type=\"text-editor.default\">\n\t\t\t\t<div class=\"elementor-widget-container\">\n\t\t\t\t\t\t\t\t\t<p>TERMOS E CONDI\u00c7\u00d5ES DE USO<\/p>\t\t\t\t\t\t\t\t<\/div>\n\t\t\t\t<\/div>\n\t\t\t\t<div class=\"elementor-element elementor-element-209fbec1 elementor-widget elementor-widget-text-editor\" data-id=\"209fbec1\" data-element_type=\"widget\" data-e-type=\"widget\" data-widget_type=\"text-editor.default\">\n\t\t\t\t<div class=\"elementor-widget-container\">\n\t\t\t\t\t\t\t\t\t<p><span style=\"color: #000000;\">Se voc\u00ea n\u00e3o concordar com os nossos Termos e Condi\u00e7\u00f5es de Uso de qualquer maneira, por favor n\u00e3o use nossos produtos, aplica\u00e7\u00f5es e website. Se voc\u00ea continuar a navegar e a utilizar os nossos servi\u00e7os e produtos, estar\u00e1 sujeito a concordar com os nossos Termos e Condi\u00e7\u00f5es de Uso e Pol\u00edtica de Privacidade publicados em HTTPS:\/\/mrbolonopote.com.br<\/span><\/p><p><span style=\"color: #000000;\"><strong>A utiliza\u00e7\u00e3o deste site est\u00e1 sujeita aos seguintes\u00a0termos:<\/strong><\/span><\/p><ul><li><span style=\"color: #000000;\">Todas as marcas reproduzidas neste site, que n\u00e3o s\u00e3o de propriedade ou licenciadas para o operador, s\u00e3o reconhecidas no website.<\/span><\/li><li><span style=\"color: #000000;\">N\u00e3o \u00e9 permitido a c\u00f3pia de conte\u00fado, gr\u00e1ficos, design, apar\u00eancia e layout de nosso site para ningu\u00e9m sem nossa permiss\u00e3o. Voc\u00ea deve nos enviar um e-mail para suporte@mrbolonopote.com.br\u00a0para obter permiss\u00e3o para usar nosso conte\u00fado.\u00a0O uso n\u00e3o autorizado deste site pode causar uma a\u00e7\u00e3o criminal contra voc\u00ea.<\/span><\/li><\/ul><ul><li><span style=\"color: #000000;\">Voc\u00ea ser\u00e1 respons\u00e1vel por danos (incluindo danos, custas e honor\u00e1rios advocat\u00edcios) caso expresse indevidamente que o site ou uma p\u00e1gina da web est\u00e1 violando seus direitos autorais.<\/span><\/li><li><span style=\"color: #000000;\">N\u00e3o nos responsabilizamos, caso voc\u00ea receba algum\u00a0coment\u00e1rio ofensivo e abusivo em seu site, n\u00e3o apoiamos isso de nossa parte ou de ningu\u00e9m.<\/span><\/li><li><span style=\"color: #000000;\">Voc\u00ea entende e concorda que o uso de nosso site \u00e9 limitado e n\u00e3o exclusivo e podemos encerr\u00e1-lo por qualquer motivo, sem aviso pr\u00e9vio.<\/span><\/li><li><span style=\"color: #000000;\">De vez em quando, podemos oferecer e \/ou co-patrocinar concursos ou promo\u00e7\u00f5es no nosso site.\u00a0Cada uma dessas atividades ser\u00e1 regida por regras espec\u00edficas acess\u00edveis nas p\u00e1ginas do site que oferece a promo\u00e7\u00e3o ou quando voc\u00ea enviar sua inscri\u00e7\u00e3o.<\/span><\/li><li><span style=\"color: #000000;\">N\u00f3s nos reservamos o direito de modificar, mudar tempor\u00e1ria e permanentemente nossos termos e pol\u00edticas a qualquer momento, sem qualquer aviso pr\u00e9vio.\u00a0\u00c9 sua responsabilidade estar atualizado e verificar nossos termos e pol\u00edticas de tempos em tempos.<\/span><\/li><li><span style=\"color: #000000;\">Estes Termos e condi\u00e7\u00f5es e todos os outros documentos legais publicados no site constituem o acordo integral entre voc\u00ea e Mr Bolo no Pote, no que diz respeito ao uso do site, incluindo o conte\u00fado, gr\u00e1ficos, design, apar\u00eancia e comportamento.<\/span><\/li><\/ul>\t\t\t\t\t\t\t\t<\/div>\n\t\t\t\t<\/div>\n\t\t\t\t\t<\/div>\n\t\t<\/div>\n\t\t\t\t\t<\/div>\n\t\t<\/section>\n\t\t\t\t\t<\/div>\n\t\t<\/div>\n\t\t\t\t\t<\/div>\n\t\t<\/section>\n\t\t\t\t<section class=\"elementor-section elementor-top-section elementor-element elementor-element-71df848d elementor-section-boxed elementor-section-height-default elementor-section-height-default\" data-id=\"71df848d\" data-element_type=\"section\" data-e-type=\"section\" data-settings=\"{&quot;background_background&quot;:&quot;classic&quot;}\">\n\t\t\t\t\t\t<div class=\"elementor-container elementor-column-gap-default\">\n\t\t\t\t\t<div class=\"elementor-column elementor-col-100 elementor-top-column elementor-element elementor-element-46959302\" data-id=\"46959302\" data-element_type=\"column\" data-e-type=\"column\">\n\t\t\t<div class=\"elementor-widget-wrap elementor-element-populated\">\n\t\t\t\t\t\t<section class=\"elementor-section elementor-inner-section elementor-element elementor-element-1cc39b4d elementor-section-boxed elementor-section-height-default elementor-section-height-default\" data-id=\"1cc39b4d\" data-element_type=\"section\" data-e-type=\"section\">\n\t\t\t\t\t\t<div class=\"elementor-container elementor-column-gap-default\">\n\t\t\t\t\t<div class=\"elementor-column elementor-col-50 elementor-inner-column elementor-element elementor-element-783de446\" data-id=\"783de446\" data-element_type=\"column\" data-e-type=\"column\">\n\t\t\t<div class=\"elementor-widget-wrap\">\n\t\t\t\t\t\t\t<\/div>\n\t\t<\/div>\n\t\t\t\t<div class=\"elementor-column elementor-col-50 elementor-inner-column elementor-element elementor-element-4b87aa1e\" data-id=\"4b87aa1e\" data-element_type=\"column\" data-e-type=\"column\">\n\t\t\t<div class=\"elementor-widget-wrap elementor-element-populated\">\n\t\t\t\t\t\t<div class=\"elementor-element elementor-element-963af6e elementor-widget elementor-widget-text-editor\" data-id=\"963af6e\" data-element_type=\"widget\" data-e-type=\"widget\" data-widget_type=\"text-editor.default\">\n\t\t\t\t<div class=\"elementor-widget-container\">\n\t\t\t\t\t\t\t\t\t<p>Termos e Condi\u00e7\u00f5es\u00a0 \u00a0 Pol\u00edticas de Privacidade<\/p>\t\t\t\t\t\t\t\t<\/div>\n\t\t\t\t<\/div>\n\t\t\t\t\t<\/div>\n\t\t<\/div>\n\t\t\t\t\t<\/div>\n\t\t<\/section>\n\t\t\t\t\t<\/div>\n\t\t<\/div>\n\t\t\t\t\t<\/div>\n\t\t<\/section>\n\t\t\t\t<\/div>\n\t\t","protected":false},"excerpt":{"rendered":"<p>TERMOS E CONDI\u00c7\u00d5ES DE USO Se voc\u00ea n\u00e3o concordar com os nossos Termos e Condi\u00e7\u00f5es de Uso de qualquer maneira, por favor n\u00e3o use nossos produtos, aplica\u00e7\u00f5es e website. Se voc\u00ea continuar a navegar e a utilizar os nossos servi\u00e7os e produtos, estar\u00e1 sujeito a concordar com os nossos Termos e Condi\u00e7\u00f5es de Uso e [&hellip;]<\/p>\n","protected":false},"author":1,"featured_media":0,"parent":0,"menu_order":0,"comment_status":"closed","ping_status":"closed","template":"elementor_canvas","meta":{"_joinchat":[],"footnotes":""},"class_list":["post-225","page","type-page","status-publish","hentry"],"yoast_head":"<!-- This site is optimized with the Yoast SEO plugin v27.5 - https:\/\/yoast.com\/product\/yoast-seo-wordpress\/ -->\n<title>Termos e condi\u00e7\u00f5es de uso - Bolo no Pote<\/title>\n<meta name=\"robots\" content=\"index, follow, max-snippet:-1, max-image-preview:large, max-video-preview:-1\" \/>\n<link rel=\"canonical\" href=\"https:\/\/mrbolonopote.com.br\/index.php\/termos-e-condicoes-de-uso\/\" \/>\n<meta property=\"og:locale\" content=\"en_US\" \/>\n<meta property=\"og:type\" content=\"article\" \/>\n<meta property=\"og:title\" content=\"Termos e condi\u00e7\u00f5es de uso - Bolo no Pote\" \/>\n<meta property=\"og:description\" content=\"TERMOS E CONDI\u00c7\u00d5ES DE USO Se voc\u00ea n\u00e3o concordar com os nossos Termos e Condi\u00e7\u00f5es de Uso de qualquer maneira, por favor n\u00e3o use nossos produtos, aplica\u00e7\u00f5es e website. Se voc\u00ea continuar a navegar e a utilizar os nossos servi\u00e7os e produtos, estar\u00e1 sujeito a concordar com os nossos Termos e Condi\u00e7\u00f5es de Uso e [&hellip;]\" \/>\n<meta property=\"og:url\" content=\"https:\/\/mrbolonopote.com.br\/index.php\/termos-e-condicoes-de-uso\/\" \/>\n<meta property=\"og:site_name\" content=\"Bolo no Pote\" \/>\n<meta property=\"article:modified_time\" content=\"2023-10-24T02:52:05+00:00\" \/>\n<meta name=\"twitter:card\" content=\"summary_large_image\" \/>\n<meta name=\"twitter:label1\" content=\"Est. reading time\" \/>\n\t<meta name=\"twitter:data1\" content=\"2 minutes\" \/>\n<script type=\"application\/ld+json\" class=\"yoast-schema-graph\">{\"@context\":\"https:\\\/\\\/schema.org\",\"@graph\":[{\"@type\":\"WebPage\",\"@id\":\"https:\\\/\\\/mrbolonopote.com.br\\\/index.php\\\/termos-e-condicoes-de-uso\\\/\",\"url\":\"https:\\\/\\\/mrbolonopote.com.br\\\/index.php\\\/termos-e-condicoes-de-uso\\\/\",\"name\":\"Termos e condi\u00e7\u00f5es de uso - Bolo no Pote\",\"isPartOf\":{\"@id\":\"https:\\\/\\\/mrbolonopote.com.br\\\/#website\"},\"datePublished\":\"2023-10-24T02:51:25+00:00\",\"dateModified\":\"2023-10-24T02:52:05+00:00\",\"breadcrumb\":{\"@id\":\"https:\\\/\\\/mrbolonopote.com.br\\\/index.php\\\/termos-e-condicoes-de-uso\\\/#breadcrumb\"},\"inLanguage\":\"en-US\",\"potentialAction\":[{\"@type\":\"ReadAction\",\"target\":[\"https:\\\/\\\/mrbolonopote.com.br\\\/index.php\\\/termos-e-condicoes-de-uso\\\/\"]}]},{\"@type\":\"BreadcrumbList\",\"@id\":\"https:\\\/\\\/mrbolonopote.com.br\\\/index.php\\\/termos-e-condicoes-de-uso\\\/#breadcrumb\",\"itemListElement\":[{\"@type\":\"ListItem\",\"position\":1,\"name\":\"In\u00edcio\",\"item\":\"https:\\\/\\\/mrbolonopote.com.br\\\/\"},{\"@type\":\"ListItem\",\"position\":2,\"name\":\"Termos e condi\u00e7\u00f5es de uso\"}]},{\"@type\":\"WebSite\",\"@id\":\"https:\\\/\\\/mrbolonopote.com.br\\\/#website\",\"url\":\"https:\\\/\\\/mrbolonopote.com.br\\\/\",\"name\":\"Bolo no Pote\",\"description\":\"\",\"potentialAction\":[{\"@type\":\"SearchAction\",\"target\":{\"@type\":\"EntryPoint\",\"urlTemplate\":\"https:\\\/\\\/mrbolonopote.com.br\\\/?s={search_term_string}\"},\"query-input\":{\"@type\":\"PropertyValueSpecification\",\"valueRequired\":true,\"valueName\":\"search_term_string\"}}],\"inLanguage\":\"en-US\"}]}<\/script>\n<!-- \/ Yoast SEO plugin. -->","yoast_head_json":{"title":"Termos e condi\u00e7\u00f5es de uso - Bolo no Pote","robots":{"index":"index","follow":"follow","max-snippet":"max-snippet:-1","max-image-preview":"max-image-preview:large","max-video-preview":"max-video-preview:-1"},"canonical":"https:\/\/mrbolonopote.com.br\/index.php\/termos-e-condicoes-de-uso\/","og_locale":"en_US","og_type":"article","og_title":"Termos e condi\u00e7\u00f5es de uso - Bolo no Pote","og_description":"TERMOS E CONDI\u00c7\u00d5ES DE USO Se voc\u00ea n\u00e3o concordar com os nossos Termos e Condi\u00e7\u00f5es de Uso de qualquer maneira, por favor n\u00e3o use nossos produtos, aplica\u00e7\u00f5es e website. Se voc\u00ea continuar a navegar e a utilizar os nossos servi\u00e7os e produtos, estar\u00e1 sujeito a concordar com os nossos Termos e Condi\u00e7\u00f5es de Uso e [&hellip;]","og_url":"https:\/\/mrbolonopote.com.br\/index.php\/termos-e-condicoes-de-uso\/","og_site_name":"Bolo no Pote","article_modified_time":"2023-10-24T02:52:05+00:00","twitter_card":"summary_large_image","twitter_misc":{"Est. reading time":"2 minutes"},"schema":{"@context":"https:\/\/schema.org","@graph":[{"@type":"WebPage","@id":"https:\/\/mrbolonopote.com.br\/index.php\/termos-e-condicoes-de-uso\/","url":"https:\/\/mrbolonopote.com.br\/index.php\/termos-e-condicoes-de-uso\/","name":"Termos e condi\u00e7\u00f5es de uso - Bolo no Pote","isPartOf":{"@id":"https:\/\/mrbolonopote.com.br\/#website"},"datePublished":"2023-10-24T02:51:25+00:00","dateModified":"2023-10-24T02:52:05+00:00","breadcrumb":{"@id":"https:\/\/mrbolonopote.com.br\/index.php\/termos-e-condicoes-de-uso\/#breadcrumb"},"inLanguage":"en-US","potentialAction":[{"@type":"ReadAction","target":["https:\/\/mrbolonopote.com.br\/index.php\/termos-e-condicoes-de-uso\/"]}]},{"@type":"BreadcrumbList","@id":"https:\/\/mrbolonopote.com.br\/index.php\/termos-e-condicoes-de-uso\/#breadcrumb","itemListElement":[{"@type":"ListItem","position":1,"name":"In\u00edcio","item":"https:\/\/mrbolonopote.com.br\/"},{"@type":"ListItem","position":2,"name":"Termos e condi\u00e7\u00f5es de uso"}]},{"@type":"WebSite","@id":"https:\/\/mrbolonopote.com.br\/#website","url":"https:\/\/mrbolonopote.com.br\/","name":"Bolo no Pote","description":"","potentialAction":[{"@type":"SearchAction","target":{"@type":"EntryPoint","urlTemplate":"https:\/\/mrbolonopote.com.br\/?s={search_term_string}"},"query-input":{"@type":"PropertyValueSpecification","valueRequired":true,"valueName":"search_term_string"}}],"inLanguage":"en-US"}]}},"amp_enabled":false,"_links":{"self":[{"href":"https:\/\/mrbolonopote.com.br\/index.php\/wp-json\/wp\/v2\/pages\/225","targetHints":{"allow":["GET"]}}],"collection":[{"href":"https:\/\/mrbolonopote.com.br\/index.php\/wp-json\/wp\/v2\/pages"}],"about":[{"href":"https:\/\/mrbolonopote.com.br\/index.php\/wp-json\/wp\/v2\/types\/page"}],"author":[{"embeddable":true,"href":"https:\/\/mrbolonopote.com.br\/index.php\/wp-json\/wp\/v2\/users\/1"}],"replies":[{"embeddable":true,"href":"https:\/\/mrbolonopote.com.br\/index.php\/wp-json\/wp\/v2\/comments?post=225"}],"version-history":[{"count":4,"href":"https:\/\/mrbolonopote.com.br\/index.php\/wp-json\/wp\/v2\/pages\/225\/revisions"}],"predecessor-version":[{"id":230,"href":"https:\/\/mrbolonopote.com.br\/index.php\/wp-json\/wp\/v2\/pages\/225\/revisions\/230"}],"wp:attachment":[{"href":"https:\/\/mrbolonopote.com.br\/index.php\/wp-json\/wp\/v2\/media?parent=225"}],"curies":[{"name":"wp","href":"https:\/\/api.w.org\/{rel}","templated":true}]}}